{"id":95,"date":"2022-07-24T16:50:59","date_gmt":"2022-07-24T16:50:59","guid":{"rendered":"https:\/\/ldpdambovita.ro\/?page_id=95"},"modified":"2026-01-12T11:51:08","modified_gmt":"2026-01-12T11:51:08","slug":"informatii-generale","status":"publish","type":"page","link":"https:\/\/ldpdambovita.ro\/?page_id=95","title":{"rendered":"INFORMA\u0162II GENERALE LDP"},"content":{"rendered":"<div id='full_slider_1'  class='avia-fullwidth-slider main_color avia-shadow   avia-builder-el-0  el_before_av_section  avia-builder-el-first   container_wrap sidebar_right' style=' '  ><div   data-size='featured'  data-lightbox_size='large'  data-animation='slide'  data-conditional_play=''  data-ids='62'  data-video_counter='0'  data-autoplay='false'  data-bg_slider='false'  data-slide_height=''  data-handle='av_slideshow_full'  data-interval='5'  data-class=' '  data-el_id=''  data-css_id=''  data-scroll_down=''  data-control_layout='av-control-default'  data-custom_markup=''  data-perma_caption=''  data-autoplay_stopper=''  data-image_attachment=''  data-min_height='0px'  data-lazy_loading='disabled'  data-src=''  data-position='top left'  data-repeat='no-repeat'  data-attach='scroll'  data-stretch=''  data-default-height='28.666666666667'  class='avia-slideshow avia-slideshow-1  av-control-default av-default-height-applied avia-slideshow-featured av_slideshow_full   avia-slide-slider '  itemprop=\"image\" itemscope=\"itemscope\" itemtype=\"https:\/\/schema.org\/ImageObject\" ><ul class='avia-slideshow-inner ' style='padding-bottom: 28.666666666667%;' ><li  class=' av-single-slide slide-1 ' ><div data-rel='slideshow-1' class='avia-slide-wrap '   ><img decoding=\"async\" class=\"wp-image-62 avia-img-lazy-loading-not-62\"  src=\"https:\/\/ldpdambovita.ro\/wp-content\/uploads\/2022\/07\/20220723_150831-1-1500x430.jpg\" width=\"1500\" height=\"430\" title='20220723_150831' alt=''  itemprop=\"thumbnailUrl\"   \/><\/div><\/li><\/ul><\/div><\/div>\n<div id='av_section_1'  class='avia-section main_color avia-section-default avia-no-border-styling  avia-bg-style-scroll  avia-builder-el-1  el_after_av_slideshow_full  avia-builder-el-last   container_wrap sidebar_right' style=' '  ><div class='container' ><div class='template-page content  av-content-small alpha units'><div class='post-entry post-entry-type-page post-entry-95'><div class='entry-content-wrapper clearfix'>\n<div class=\"flex_column av_one_full  flex_column_div av-zero-column-padding first  avia-builder-el-2  el_before_av_one_full  avia-builder-el-first  \" style='background: #00d5ff; border-width:1px; border-color:#0070e8; border-style:solid; box-shadow: 0 0 10px 0 #000000; background-color:#00d5ff; border-radius:1px; '><div  style='padding-bottom:10px; ' class='av-special-heading av-special-heading-h3    avia-builder-el-3  avia-builder-el-no-sibling  '><h3 class='av-special-heading-tag '  itemprop=\"headline\"  >INFORMA\u0162II GENERALE LDP<\/h3><div class='special-heading-border'><div class='special-heading-inner-border' ><\/div><\/div><\/div><\/div><div class=\"flex_column av_one_full  flex_column_div av-zero-column-padding first  avia-builder-el-4  el_after_av_one_full  avia-builder-el-last  column-top-margin\" style='background: #edddc7; border-width:1px; border-color:#0070e8; border-style:solid; box-shadow: 0 0 10px 0 #000000; background-color:#edddc7; border-radius:1px; '><section class=\"av_textblock_section \"  itemscope=\"itemscope\" itemtype=\"https:\/\/schema.org\/CreativeWork\" ><div class='avia_textblock  av_inherit_color '  style='color:#000000; '  itemprop=\"text\" ><p><strong><a href=\"https:\/\/ldpdambovita.ro\/wp-content\/uploads\/2026\/01\/CODUL-DE-CONDUITA-SI-ETICA-AL-SC-LDP-Dambovita-Sa-2025.pdf\" target=\"_blank\" rel=\"noopener\">\u00a0 CODUL DE CONDUIT\u0102 \u015eI ETIC\u0102 AL SC LDP D\u00c2MBOVITA SA<\/a><\/strong><\/p>\n<\/div><\/section><\/div><\/div><\/div><\/div><!-- close content main div --><\/div><\/div><div id='after_section_1'  class='main_color av_default_container_wrap container_wrap sidebar_right' style=' '  ><div class='container' ><div class='template-page content  av-content-small alpha units'><div class='post-entry post-entry-type-page post-entry-95'><div class='entry-content-wrapper clearfix'>\n","protected":false},"excerpt":{"rendered":"","protected":false},"author":1,"featured_media":0,"parent":0,"menu_order":0,"comment_status":"closed","ping_status":"closed","template":"","meta":{"footnotes":""},"class_list":["post-95","page","type-page","status-publish","hentry"],"_links":{"self":[{"href":"https:\/\/ldpdambovita.ro\/index.php?rest_route=\/wp\/v2\/pages\/95","targetHints":{"allow":["GET"]}}],"collection":[{"href":"https:\/\/ldpdambovita.ro\/index.php?rest_route=\/wp\/v2\/pages"}],"about":[{"href":"https:\/\/ldpdambovita.ro\/index.php?rest_route=\/wp\/v2\/types\/page"}],"author":[{"embeddable":true,"href":"https:\/\/ldpdambovita.ro\/index.php?rest_route=\/wp\/v2\/users\/1"}],"replies":[{"embeddable":true,"href":"https:\/\/ldpdambovita.ro\/index.php?rest_route=%2Fwp%2Fv2%2Fcomments&post=95"}],"version-history":[{"count":11,"href":"https:\/\/ldpdambovita.ro\/index.php?rest_route=\/wp\/v2\/pages\/95\/revisions"}],"predecessor-version":[{"id":870,"href":"https:\/\/ldpdambovita.ro\/index.php?rest_route=\/wp\/v2\/pages\/95\/revisions\/870"}],"wp:attachment":[{"href":"https:\/\/ldpdambovita.ro\/index.php?rest_route=%2Fwp%2Fv2%2Fmedia&parent=95"}],"curies":[{"name":"wp","href":"https:\/\/api.w.org\/{rel}","templated":true}]}}