{"id":696,"date":"2025-03-04T10:55:57","date_gmt":"2025-03-04T10:55:57","guid":{"rendered":"https:\/\/ldpdambovita.ro\/?page_id=696"},"modified":"2026-01-19T11:32:28","modified_gmt":"2026-01-19T11:32:28","slug":"amepip","status":"publish","type":"page","link":"https:\/\/ldpdambovita.ro\/?page_id=696","title":{"rendered":"Documente AMEPIP"},"content":{"rendered":"<div id='av_section_1'  class='avia-section main_color avia-section-default avia-no-border-styling  avia-bg-style-scroll  avia-builder-el-0  avia-builder-el-no-sibling   container_wrap sidebar_right' style=' '  ><div class='container' ><main  role=\"main\" itemprop=\"mainContentOfPage\"  class='template-page content  av-content-small alpha units'><div class='post-entry post-entry-type-page post-entry-696'><div class='entry-content-wrapper clearfix'>\n<div class=\"flex_column av_one_full  flex_column_div av-zero-column-padding first  avia-builder-el-1  el_before_av_one_full  avia-builder-el-first  \" style='background: #00d5ff; border-width:1px; border-color:#0070e8; border-style:solid; box-shadow: 0 0 10px 0 #000000; background-color:#00d5ff; border-radius:0px; '><div  style='padding-bottom:10px; ' class='av-special-heading av-special-heading-h3    avia-builder-el-2  avia-builder-el-no-sibling  '><h3 class='av-special-heading-tag '  itemprop=\"headline\"  >Documente AMEPIP<\/h3><div class='special-heading-border'><div class='special-heading-inner-border' ><\/div><\/div><\/div><\/div><div class=\"flex_column av_one_full  flex_column_div av-zero-column-padding first  avia-builder-el-3  el_after_av_one_full  avia-builder-el-last  column-top-margin\" style='background: #edddc7; border-width:1px; border-color:#0070e8; border-style:solid; box-shadow: 0 0 10px 0 #000000; background-color:#edddc7; border-radius:0px; '><section class=\"av_textblock_section \"  itemscope=\"itemscope\" itemtype=\"https:\/\/schema.org\/CreativeWork\" ><div class='avia_textblock  av_inherit_color '  style='color:#000000; '  itemprop=\"text\" ><h4><span style=\"color: #ff9900;\"> Anun\u021b publicat \u00een data de <strong>19.01.2026<\/strong><\/span><\/h4>\n<ul>\n<li><a href=\"https:\/\/ldpdambovita.ro\/wp-content\/uploads\/2026\/01\/ANUNT-RELUARE-S.-LUCRARI-DRUMURI-SI-PODURI-DAMBOVITA-S.A.-1.pdf\" target=\"_blank\" rel=\"noopener\"><strong>CONSILIUL JUDE\u021aEAN D\u00c2MBOVI\u021aA, \u00een calitate de Autoritate Public\u0103 Tutelar\u0103, asistat\u0103 de expert independent FOX MANAGEMENT CONSULTANTS S.R.L., anun\u0163\u0103 reluarea procesului de recrutare \u015fi selec\u0163ie pentru 2 (dou\u0103) pozi\u0163ii de membru \u00een Consiliul de Administra\u021bie al Societ\u0103\u0163ii LUCR\u0102RI DRUMURI \u0218I PODURI D\u00c2MBOVI\u021aA S.A.<\/strong><\/a><\/li>\n<\/ul>\n<h4><span style=\"color: #ff9900;\">\u00a0Anun\u021b publicat \u00een data de <strong>14.04.2025<\/strong><\/span><\/h4>\n<ul>\n<li><a href=\"https:\/\/ldpdambovita.ro\/wp-content\/uploads\/2025\/04\/anunt-selectie-CA-14.04.2025-LDP-DAMBOVITA-S.A.pdf\" target=\"_blank\" rel=\"noopener\"><strong>CONSILIUL JUDE\u021aEAN D\u00c2MBOVI\u021aA, \u00een calitate de Autoritate Public\u0103 Tutelar\u0103, asistat\u0103 de expert independent FOX MANAGEMENT CONSULTANTS S.R.L., anun\u0163\u0103 \u00eenceperea procesului de recrutare \u015fi selec\u0163ie pentru 5 (cinci) pozi\u0163ii de membru \u00een Consiliul de Administra\u021bie al Societ\u0103\u0163ii LUCR\u0102RI DRUMURI \u0218I PODURI D\u00c2MBOVI\u021aA S.A.<\/strong><\/a><\/li>\n<\/ul>\n<p><strong><a href=\"https:\/\/ldpdambovita.ro\/wp-content\/uploads\/2025\/04\/Componenta-integrala-LUCRARI-DRUMURI-SI-PODURI-DAMBOVITA-S.A.pdf\" target=\"_blank\" rel=\"noopener\">PROIECT PLAN DE SELEC\u021aIE \u2013 COMPONENTA INTEGRAL\u0102 pentru selec\u021bia a 5 membri \u00een Consiliul de Administra\u021bie al Societ\u0103\u021bii LUCR\u0102RI DRUMURI \u0218I PODURI D\u00c2MBOVI\u021aA S.A.<\/a><\/strong><\/p>\n<p><strong><a href=\"https:\/\/ldpdambovita.ro\/wp-content\/uploads\/2025\/04\/profilul-consiliului-LDP.pdf\" target=\"_blank\" rel=\"noopener\">PROIECT PROFILUL CONSILIULUI pentru selec\u021bia a 5 membri \u00een Consiliul de Administra\u021bie al Societ\u0103\u021bii LUCR\u0102RI DRUMURI \u0218I PODURI D\u00c2MBOVI\u021aA S.A.<\/a><\/strong><\/p>\n<p><a href=\"https:\/\/ldpdambovita.ro\/wp-content\/uploads\/2025\/03\/hotarare-plan-initial-scldp_Redacted_compressed.pdf\" target=\"_blank\" rel=\"noopener\"><strong>Hot\u0103r\u00e2re privind aprobarea Planului de selec\u021bie &#8211; componenta ini\u021biala, pentru 5 (cinci) pozi\u021bii de administratori &#8211; membri \u00een Consiliul de administra\u021bie al S.C. LUCRARI DRUMURI \u0218I PODURI DAMBOVITA S.A. <\/strong><\/a><\/p>\n<p><a href=\"https:\/\/ldpdambovita.ro\/wp-content\/uploads\/2025\/03\/dispozitie-scrisoare-de-asteptari-ca-scldp_Redacted_compressed.pdf\" target=\"_blank\" rel=\"noopener\"><strong>Dispozi\u021bie pentru aprobarea Scrisorii de a\u0219tept\u0103ri privind Consiliul de administra\u021bie al Societ\u0103\u021bii LUCRARI DRUMURI \u0218I PODURI DAMBOVI\u021aA S.A. pentru perioada 2025-2029 <\/strong><\/a><\/p>\n<p><a href=\"https:\/\/ldpdambovita.ro\/wp-content\/uploads\/2025\/03\/Hotarare-aprobare-Plan-selectie-componenta-initiala-5-pozitii-administratori-membri-LDP_Redacted_compressed.pdf\" target=\"_blank\" rel=\"noopener\"><strong>Hot\u0103r\u00e2re aprobare Plan selec\u021bie-componenta ini\u021biala 5 pozi\u021bii administratori-membri LDP<\/strong><\/a><\/p>\n<\/div><\/section><\/div><\/div><\/div><\/main><!-- close content main element --><\/div><\/div><div id='after_section_1'  class='main_color av_default_container_wrap container_wrap sidebar_right' style=' '  ><div class='container' ><div class='template-page content  av-content-small alpha units'><div class='post-entry post-entry-type-page post-entry-696'><div class='entry-content-wrapper clearfix'>\n","protected":false},"excerpt":{"rendered":"","protected":false},"author":1,"featured_media":0,"parent":0,"menu_order":0,"comment_status":"closed","ping_status":"closed","template":"","meta":{"footnotes":""},"class_list":["post-696","page","type-page","status-publish","hentry"],"_links":{"self":[{"href":"https:\/\/ldpdambovita.ro\/index.php?rest_route=\/wp\/v2\/pages\/696","targetHints":{"allow":["GET"]}}],"collection":[{"href":"https:\/\/ldpdambovita.ro\/index.php?rest_route=\/wp\/v2\/pages"}],"about":[{"href":"https:\/\/ldpdambovita.ro\/index.php?rest_route=\/wp\/v2\/types\/page"}],"author":[{"embeddable":true,"href":"https:\/\/ldpdambovita.ro\/index.php?rest_route=\/wp\/v2\/users\/1"}],"replies":[{"embeddable":true,"href":"https:\/\/ldpdambovita.ro\/index.php?rest_route=%2Fwp%2Fv2%2Fcomments&post=696"}],"version-history":[{"count":10,"href":"https:\/\/ldpdambovita.ro\/index.php?rest_route=\/wp\/v2\/pages\/696\/revisions"}],"predecessor-version":[{"id":888,"href":"https:\/\/ldpdambovita.ro\/index.php?rest_route=\/wp\/v2\/pages\/696\/revisions\/888"}],"wp:attachment":[{"href":"https:\/\/ldpdambovita.ro\/index.php?rest_route=%2Fwp%2Fv2%2Fmedia&parent=696"}],"curies":[{"name":"wp","href":"https:\/\/api.w.org\/{rel}","templated":true}]}}