{"id":175,"date":"2022-07-24T20:23:56","date_gmt":"2022-07-24T20:23:56","guid":{"rendered":"https:\/\/ldpdambovita.ro\/?page_id=175"},"modified":"2026-01-12T11:49:48","modified_gmt":"2026-01-12T11:49:48","slug":"politica-si-criterii-de-remunerare","status":"publish","type":"page","link":"https:\/\/ldpdambovita.ro\/?page_id=175","title":{"rendered":"POLITICA \u015eI CRITERII DE REMUNERARE"},"content":{"rendered":"<div id='av_section_1'  class='avia-section main_color avia-section-default avia-no-border-styling  avia-bg-style-scroll  avia-builder-el-0  avia-builder-el-no-sibling   container_wrap sidebar_right' style=' '  ><div class='container' ><main  role=\"main\" itemprop=\"mainContentOfPage\"  class='template-page content  av-content-small alpha units'><div class='post-entry post-entry-type-page post-entry-175'><div class='entry-content-wrapper clearfix'>\n<div class=\"flex_column av_one_full  flex_column_div av-zero-column-padding first  avia-builder-el-1  el_before_av_one_full  avia-builder-el-first  \" style='background: #00d5ff; border-width:1px; border-color:#0070e8; border-style:solid; box-shadow: 0 0 10px 0 #000000; background-color:#00d5ff; border-radius:1px; '><div  style='padding-bottom:10px; ' class='av-special-heading av-special-heading-h3    avia-builder-el-2  avia-builder-el-no-sibling  '><h3 class='av-special-heading-tag '  itemprop=\"headline\"  >POLITICA \u015eI CRITERII DE REMUNERARE<\/h3><div class='special-heading-border'><div class='special-heading-inner-border' ><\/div><\/div><\/div><\/div><div class=\"flex_column av_one_full  flex_column_div av-zero-column-padding first  avia-builder-el-3  el_after_av_one_full  avia-builder-el-last  column-top-margin\" style='background: #edddc7; border-width:1px; border-color:#0070e8; border-style:solid; box-shadow: 0 0 10px 0 #000000; background-color:#edddc7; border-radius:1px; '><section class=\"av_textblock_section \"  itemscope=\"itemscope\" itemtype=\"https:\/\/schema.org\/CreativeWork\" ><div class='avia_textblock  av_inherit_color '  style='color:#000000; '  itemprop=\"text\" ><p><a href=\"https:\/\/ldpdambovita.ro\/wp-content\/uploads\/2026\/01\/CTR-MANDAT-DG.pdf\" target=\"_blank\" rel=\"noopener\"><strong>Contract mandat director general &#8211; Radu Andi Constantin -18.11.2025 &#8211; 18.11.2029.<\/strong><\/a><\/p>\n<p><a href=\"https:\/\/ldpdambovita.ro\/wp-content\/uploads\/2026\/01\/CTR-MAN-DE.pdf\" target=\"_blank\" rel=\"noopener\"><strong>Contract mandat director economic &#8211; Filip Lauren\u021biu -18.11.2025 &#8211; 18.11.2029.<\/strong><\/a><\/p>\n<p><a href=\"https:\/\/ldpdambovita.ro\/wp-content\/uploads\/2025\/11\/LDP-CA-contract-mandat-Boboaca-Cornel-26.08.2025-26.08.2029_compressed.pdf\" target=\"_blank\" rel=\"noopener\"><strong>LDP CA contract mandat Boboaca Cornel 26.08.2025 &#8211; 26.08.2029<\/strong><\/a><\/p>\n<p><a href=\"https:\/\/ldpdambovita.ro\/wp-content\/uploads\/2025\/11\/LDP-CA-contract-mandat-Ioan-Florin-26.08.2025-26.08.2029_compressed.pdf\" target=\"_blank\" rel=\"noopener\"><strong>LDP CA contract mandat Ioan Florin 26.08.2025 &#8211; 26.08.2029<\/strong><\/a><\/p>\n<p><a href=\"https:\/\/ldpdambovita.ro\/wp-content\/uploads\/2025\/11\/LDP-CA-contract-mandat-Iorga-Alexandru-26.08.2025-26.08.2029_compressed.pdf\" target=\"_blank\" rel=\"noopener\"><strong>LDP CA contract mandat Iorga Alexandru 26.08.2025 &#8211; 26.08.2029<\/strong><\/a><\/p>\n<p><a href=\"https:\/\/ldpdambovita.ro\/wp-content\/uploads\/2025\/11\/LDP-CA-contract-mandat-Milea-Viorel-26.08.2025-26.08.2029_compressed.pdf\" target=\"_blank\" rel=\"noopener\"><strong>LDP CA contract mandat Milea Viorel 26.08.2025 &#8211; 26.08.2029<\/strong><\/a><\/p>\n<p><a href=\"https:\/\/ldpdambovita.ro\/wp-content\/uploads\/2024\/09\/LDP-CA-contract-mandat-Antofie-Constantin-06.08.2024-06.10.2024.pdf\" target=\"_blank\" rel=\"noopener\"><strong>LDP CA contract mandat Antofie Constantin 06.08.2024 &#8211; 06.10.2024<\/strong><\/a><\/p>\n<p><a href=\"https:\/\/ldpdambovita.ro\/wp-content\/uploads\/2024\/09\/LDP-CA-contract-mandat-Iorga-Alexandru-07.05.2024-07.10.2024.pdf\" target=\"_blank\" rel=\"noopener\"><strong>LDP CA contract mandat Iorga Alexandru 07.05.2024 &#8211; 07.10.2024<\/strong><\/a><\/p>\n<p><a href=\"https:\/\/ldpdambovita.ro\/wp-content\/uploads\/2024\/09\/LDP-CA-contract-mandat-Boboaca-Cornel-02.08.2021-31.07.2025.pdf\" target=\"_blank\" rel=\"noopener\"><strong>LDP CA contract mandat Boboaca Cornel 02.08.2021 &#8211; 31.07.2025<\/strong><\/a><\/p>\n<p><a href=\"https:\/\/ldpdambovita.ro\/wp-content\/uploads\/2024\/09\/LDP-CA-contract-mandat-Pavel-Sorin-Ion-02.08.2021-31.07.2025.pdf\" target=\"_blank\" rel=\"noopener\"><strong>LDP CA contract mandat Pavel Sorin Ion 02.08.2021 &#8211; 31.07.2025<\/strong><\/a><\/p>\n<p><a href=\"https:\/\/ldpdambovita.ro\/wp-content\/uploads\/2024\/09\/LDP-CA-contract-mandat-Mihalachioiu-Marius-02.08.2021-31.07.2025.pdf\" target=\"_blank\" rel=\"noopener\"><strong>LDP CA contract mandat Mihalachioiu Marius 02.08.2021 &#8211; 31.07.2025<\/strong><\/a><\/p>\n<p><a href=\"https:\/\/ldpdambovita.ro\/wp-content\/uploads\/2023\/05\/PLAN-DE-ADMINISTRARE-AL.pdf\" target=\"_blank\" rel=\"noopener\"><strong>Plan de administrare al S.C. Lucr\u0103ri drumuri \u015fi poduri D\u00e2mbovi\u0163a S.A.<\/strong><\/a><\/p>\n<p><strong><a href=\"https:\/\/ldpdambovita.ro\/wp-content\/uploads\/2023\/04\/Politici-si-criterii-remunerare.pdf\" target=\"_blank\" rel=\"noopener\">Politica \u0219i criteriile de remunerare CA +DG<\/a><\/strong><\/p>\n<p><strong><a href=\"https:\/\/ldpdambovita.ro\/wp-content\/uploads\/2023\/04\/Scan10002.pdf\" target=\"_blank\" rel=\"noopener\">Plan de administrare LDP<\/a><\/strong><\/p>\n<p><a href=\"https:\/\/ldpdambovita.ro\/wp-content\/uploads\/2023\/04\/Criterii-performanta.pdf\" target=\"_blank\" rel=\"noopener\"><strong>Criterii de performanta 2022<\/strong><\/a><\/p>\n<p><strong><a href=\"https:\/\/ldpdambovita.ro\/wp-content\/uploads\/2019\/01\/Criterii-de-performanta-CA-2018-2021.pdf\" target=\"_blank\" rel=\"noopener\">Criterii de performanta CA 2018-2021<\/a><\/strong><\/p>\n<p><strong><a href=\"https:\/\/ldpdambovita.ro\/wp-content\/uploads\/2019\/01\/Criterii-de-performanta-DG-2018.pdf\" target=\"_blank\" rel=\"noopener\">Criterii de performanta DG 2018<\/a><\/strong><\/p>\n<p><strong><a href=\"https:\/\/ldpdambovita.ro\/wp-content\/uploads\/2016\/02\/Criterii-de-performanta-2013-Grad-indeplinire.pdf\">Criterii de performanta 2013\u00a0<\/a>\u00a0\u2013 grad de indeplinire<\/strong><\/p>\n<p><strong><a href=\"https:\/\/ldpdambovita.ro\/wp-content\/uploads\/2016\/06\/SKMBT_C35316052615480.pdf\">Criterii de performanta 2013<\/a><\/strong><\/p>\n<p><strong><a href=\"https:\/\/ldpdambovita.ro\/wp-content\/uploads\/2016\/06\/SKMBT_C35316052615442.pdf\">Criterii de performanta 2014<\/a><\/strong><\/p>\n<p><strong><a href=\"https:\/\/ldpdambovita.ro\/wp-content\/uploads\/2016\/06\/SKMBT_C35316052615441.pdf\">Criterii de performanta 2015<\/a><\/strong><\/p>\n<p><strong><a href=\"https:\/\/ldpdambovita.ro\/wp-content\/uploads\/2016\/06\/SKMBT_C35316052615451.pdf\">Contract de mandat 15.01.2013<\/a><\/strong><\/p>\n<p><strong><a href=\"https:\/\/ldpdambovita.ro\/wp-content\/uploads\/2016\/06\/SKMBT_C35316052615482.pdf\">Contract de mandat 15.01.2013<\/a><\/strong><\/p>\n<p><a href=\"https:\/\/ldpdambovita.ro\/wp-content\/uploads\/2016\/06\/SKMBT_C35316052615460.pdf\"><strong>Contract de mandat 16.01.2013<\/strong><\/a><\/p>\n<p><strong><a href=\"https:\/\/ldpdambovita.ro\/wp-content\/uploads\/2016\/06\/SKMBT_C35316052615470.pdf\">Contract de mandat 30.01.2013<\/a><\/strong><\/p>\n<p><strong><a href=\"https:\/\/ldpdambovita.ro\/wp-content\/uploads\/2016\/06\/SKMBT_C35316052615440.pdf\">Contract de mandat 30.09.2013<\/a><\/strong><\/p>\n<p><a href=\"https:\/\/ldpdambovita.ro\/wp-content\/uploads\/2016\/06\/CRITERII-DE-PERFORMANTA-2015.pdf\">CRITERII DE PERFORMANTA 2015 \u2013 CONSILIU DE ADM<\/a><\/p>\n<p><a href=\"https:\/\/ldpdambovita.ro\/wp-content\/uploads\/2016\/06\/CRITERII-DE-PERFORMANTA-2016-CONSILIU-DE-ADM.pdf\">CRITERII DE PERFORMANTA 2016 \u2013 CONSILIU DE ADM<\/a><\/p>\n<p><a href=\"https:\/\/ldpdambovita.ro\/wp-content\/uploads\/2017\/05\/criterii.-2017CA..pdf\">CRITERII DE PERFORMANTA 2017 \u2013 CONSILIU DE ADM<\/a><\/p>\n<\/div><\/section><\/div><\/div><\/div><\/main><!-- close content main element --><\/div><\/div><div id='after_section_1'  class='main_color av_default_container_wrap container_wrap sidebar_right' style=' '  ><div class='container' ><div class='template-page content  av-content-small alpha units'><div class='post-entry post-entry-type-page post-entry-175'><div class='entry-content-wrapper clearfix'>\n","protected":false},"excerpt":{"rendered":"","protected":false},"author":1,"featured_media":0,"parent":0,"menu_order":0,"comment_status":"closed","ping_status":"closed","template":"","meta":{"footnotes":""},"class_list":["post-175","page","type-page","status-publish","hentry"],"_links":{"self":[{"href":"https:\/\/ldpdambovita.ro\/index.php?rest_route=\/wp\/v2\/pages\/175","targetHints":{"allow":["GET"]}}],"collection":[{"href":"https:\/\/ldpdambovita.ro\/index.php?rest_route=\/wp\/v2\/pages"}],"about":[{"href":"https:\/\/ldpdambovita.ro\/index.php?rest_route=\/wp\/v2\/types\/page"}],"author":[{"embeddable":true,"href":"https:\/\/ldpdambovita.ro\/index.php?rest_route=\/wp\/v2\/users\/1"}],"replies":[{"embeddable":true,"href":"https:\/\/ldpdambovita.ro\/index.php?rest_route=%2Fwp%2Fv2%2Fcomments&post=175"}],"version-history":[{"count":12,"href":"https:\/\/ldpdambovita.ro\/index.php?rest_route=\/wp\/v2\/pages\/175\/revisions"}],"predecessor-version":[{"id":868,"href":"https:\/\/ldpdambovita.ro\/index.php?rest_route=\/wp\/v2\/pages\/175\/revisions\/868"}],"wp:attachment":[{"href":"https:\/\/ldpdambovita.ro\/index.php?rest_route=%2Fwp%2Fv2%2Fmedia&parent=175"}],"curies":[{"name":"wp","href":"https:\/\/api.w.org\/{rel}","templated":true}]}}